{"id":34,"date":"2023-12-13T09:24:29","date_gmt":"2023-12-13T09:24:29","guid":{"rendered":"https:\/\/verkehrswacht-jl.de\/?page_id=34"},"modified":"2023-12-13T09:43:38","modified_gmt":"2023-12-13T09:43:38","slug":"gruendung","status":"publish","type":"page","link":"https:\/\/verkehrswacht-jl.de\/?page_id=34","title":{"rendered":"Gr\u00fcndung"},"content":{"rendered":"\n<p class=\"has-text-align-center\"><strong><em>24. April 1992<\/em><\/strong><\/p>\n\n\n\n<p class=\"has-text-align-center\"><strong><em> der Verkerhswacht Jerichower Land e.V.<\/em><\/strong><\/p>\n\n\n\n<h1 class=\"wp-block-heading\"><\/h1>\n\n\n\n<p><em>Es knallt immer \u00f6fter im Landkreis. Waren es im ersten Halbjahr&#8217;91 noch 458 Unf\u00e4lle, stieg die Zahl im Zeitraum der ersten H\u00e4lfte dieses Jahres dramatisch auf 639. Die Polizei steht wegen personeller Unterbesetzung der Entwicklung machtlos gegen\u00fcber. Kann eigentlich nur noch die Unf\u00e4lle aufnehmen und Statistiken f\u00fchren. Genau da setzt die Verkehrswacht an. Gesch\u00e4ftsf\u00fchrer Joachim Borghans: \u201eJeder Unfall ist einer zuviel.&#8221; Verkehrs-Teilnehmer-Schulung schon im fr\u00fc\u00adhen Kindesalter, spielerisch vermittelt, aber auch Aktionen gegen Alkohol am Steuer oder KFZ-Beleuchtungsaktionen; nur einige Punkte im umfangreichen Vereinskonzept.<br>Joachim Borghans war schon zu DDR-Zeiten aktiver freiwilliger Helfer der damaligen Volkspolizei. Zusammen mit einigen anderen engagierten Leuten wie dem Polizei-Oberkpmmissar Eberhard Som\u00admermeier gr\u00fcndete er am 24. April dieses Jahres die Ver\u00adkehrswacht des Landkreises. 35 eingetragene Mitglieder hat der Verein zur Zeit. Als Schirmherr f\u00fcngiert Landrat Wolfgang M\u00e4rz. Neben dem Vorstand hat sich ein beratender Beirat gebildet.<br>Das Programm des gemein\u00adn\u00fctzigen Vereins spricht alle an, die sich irgendwie im Verkehr bewegen. Die L\u00fctten im Vorschulalter lernen, wie man sich als Fu\u00dfg\u00e4nger richtig zu bewegen hat. Die \u00e4lteren k\u00f6n\u00adnen sogar eine Art F\u00fchrer\u00adschein f\u00fcr ihr Fahrrad machen. Wie f\u00fcr Mamas und Papas Auto gibt&#8217;s auch f\u00fcr die Kids \u201eT\u00dcV&#8221;-Plaketten. Aber nur, wenn das Bike absolut verkehrssicher ist.<br>Teenies ab dem 13. Lebensjahr bildet die Verkehrswacht zu Sch\u00fclerlotsen aus. Jugendli\u00adchen Motorrad-Fahrern bietet der Verein ein Sicherheitstrai\u00adning an. \u00c4ltere Semester werden direkt im Senioren-Heim \u00fcber das richtige verhalten im Stra\u00dfenverkehr informiert. Auto-Fahrer k\u00f6nnen auf speziellen Schulungen von Fahrschulleh\u00adrern wichtige Tips bekommen. Beispiel: Beleuchtung oder Fahren im Ausland.<br>Das Wochenende lie\u00dfen Mitglieder der Verkehrswacht sausen, um auf m\u00f6glichst vielen Volksfesten Verkehrstage durchzuf\u00fchren. Den J\u00fcngsten das richtige Verhalten auf dem Fahrrad zu zeigen. Selbst zusammengestellte Parcours sind da eine Selbstverst\u00e4ndichkeit.<br>Die n\u00e4chste Aktion des Verei\u00adnes wird die gr\u00f6\u00dfte bisher sein: Anfang Oktober, der genaue Termin steht noch nicht fest, veranstaltet die Verkehrswacht einen Sicherheitstag.<br>Das ganze umrahmt von einem Volksfest. Auf Mitgliedersuche ist der Verein immer. Wer also Lust hat,sich zu engagieren: einfach mal bei Joachim Borghans vor beigehen. Der sitzt mit im Verkehrsamt des Landkreises. In den alten Kasernen, August-Bebel-Stra\u00dfe. Der Jahresbeitrag liegt bei 15 Mark.<br>Aus \u201eDer Burger Volksstimme vom 12.08.1992&#8243;<\/em><\/p>\n","protected":false},"excerpt":{"rendered":"<p>24. April 1992 der Verkerhswacht Jerichower Land e.V. Es knallt immer \u00f6fter im Landkreis. Waren es im ersten Halbjahr&#8217;91 noch 458 Unf\u00e4lle, stieg die Zahl im Zeitraum der ersten H\u00e4lfte [&hellip;]<\/p>\n","protected":false},"author":1,"featured_media":0,"parent":0,"menu_order":0,"comment_status":"closed","ping_status":"closed","template":"","meta":{"_EventAllDay":false,"_EventTimezone":"","_EventStartDate":"","_EventEndDate":"","_EventStartDateUTC":"","_EventEndDateUTC":"","_EventShowMap":false,"_EventShowMapLink":false,"_EventURL":"","_EventCost":"","_EventCostDescription":"","_EventCurrencySymbol":"","_EventCurrencyCode":"","_EventCurrencyPosition":"","_EventDateTimeSeparator":"","_EventTimeRangeSeparator":"","_EventOrganizerID":[],"_EventVenueID":[],"_OrganizerEmail":"","_OrganizerPhone":"","_OrganizerWebsite":"","_VenueAddress":"","_VenueCity":"","_VenueCountry":"","_VenueProvince":"","_VenueState":"","_VenueZip":"","_VenuePhone":"","_VenueURL":"","_VenueStateProvince":"","_VenueLat":"","_VenueLng":"","_VenueShowMap":false,"_VenueShowMapLink":false,"footnotes":""},"_links":{"self":[{"href":"https:\/\/verkehrswacht-jl.de\/index.php?rest_route=\/wp\/v2\/pages\/34"}],"collection":[{"href":"https:\/\/verkehrswacht-jl.de\/index.php?rest_route=\/wp\/v2\/pages"}],"about":[{"href":"https:\/\/verkehrswacht-jl.de\/index.php?rest_route=\/wp\/v2\/types\/page"}],"author":[{"embeddable":true,"href":"https:\/\/verkehrswacht-jl.de\/index.php?rest_route=\/wp\/v2\/users\/1"}],"replies":[{"embeddable":true,"href":"https:\/\/verkehrswacht-jl.de\/index.php?rest_route=%2Fwp%2Fv2%2Fcomments&post=34"}],"version-history":[{"count":2,"href":"https:\/\/verkehrswacht-jl.de\/index.php?rest_route=\/wp\/v2\/pages\/34\/revisions"}],"predecessor-version":[{"id":44,"href":"https:\/\/verkehrswacht-jl.de\/index.php?rest_route=\/wp\/v2\/pages\/34\/revisions\/44"}],"wp:attachment":[{"href":"https:\/\/verkehrswacht-jl.de\/index.php?rest_route=%2Fwp%2Fv2%2Fmedia&parent=34"}],"curies":[{"name":"wp","href":"https:\/\/api.w.org\/{rel}","templated":true}]}}